{"id":2486,"date":"2026-01-09T08:38:38","date_gmt":"2026-01-09T08:38:38","guid":{"rendered":"https:\/\/vanessadelperal.com\/politica-de-cookies\/"},"modified":"2026-03-24T12:10:36","modified_gmt":"2026-03-24T12:10:36","slug":"politica-de-cookies","status":"publish","type":"page","link":"https:\/\/vanessadelperal.com\/ca\/politica-de-cookies\/","title":{"rendered":"Pol\u00edtica de Cookies"},"content":{"rendered":"<style>.kb-row-layout-id1467_70dccf-a6 > .kt-row-column-wrap{align-content:start;}:where(.kb-row-layout-id1467_70dccf-a6 > .kt-row-column-wrap) > .wp-block-kadence-column{justify-content:start;}.kb-row-layout-id1467_70dccf-a6 > .kt-row-column-wrap{column-gap:var(--global-kb-gap-md, 2rem);row-gap:var(--global-kb-gap-md, 2rem);max-width:var( --global-content-width, 1290px );padding-left:var(--global-content-edge-padding);padding-right:var(--global-content-edge-padding);padding-top:var(--global-kb-spacing-sm, 1.5rem);padding-bottom:var(--global-kb-spacing-sm, 1.5rem);grid-template-columns:minmax(0, 1fr);}.kb-row-layout-id1467_70dccf-a6 > .kt-row-layout-overlay{opacity:0.30;}@media all and (max-width: 1024px){.kb-row-layout-id1467_70dccf-a6 > .kt-row-column-wrap{grid-template-columns:minmax(0, 1fr);}}@media all and (max-width: 767px){.kb-row-layout-id1467_70dccf-a6 > .kt-row-column-wrap{grid-template-columns:minmax(0, 1fr);}}<\/style><div class=\"kb-row-layout-wrap kb-row-layout-id1467_70dccf-a6 alignnone wp-block-kadence-rowlayout\"><div class=\"kt-row-column-wrap kt-has-1-columns kt-row-layout-equal kt-tab-layout-inherit kt-mobile-layout-row kt-row-valign-top kb-theme-content-width\">\n<style>.kadence-column1467_01c1eb-79 > .kt-inside-inner-col,.kadence-column1467_01c1eb-79 > .kt-inside-inner-col:before{border-top-left-radius:0px;border-top-right-radius:0px;border-bottom-right-radius:0px;border-bottom-left-radius:0px;}.kadence-column1467_01c1eb-79 > .kt-inside-inner-col{column-gap:var(--global-kb-gap-sm, 1rem);}.kadence-column1467_01c1eb-79 > .kt-inside-inner-col{flex-direction:column;}.kadence-column1467_01c1eb-79 > .kt-inside-inner-col > .aligncenter{width:100%;}.kadence-column1467_01c1eb-79 > .kt-inside-inner-col:before{opacity:0.3;}.kadence-column1467_01c1eb-79{position:relative;}@media all and (max-width: 1024px){.kadence-column1467_01c1eb-79 > .kt-inside-inner-col{flex-direction:column;justify-content:center;}}@media all and (max-width: 767px){.kadence-column1467_01c1eb-79 > .kt-inside-inner-col{flex-direction:column;justify-content:center;}}<\/style>\n<div class=\"wp-block-kadence-column kadence-column1467_01c1eb-79\"><div class=\"kt-inside-inner-col\">\n<h1 class=\"wp-block-heading\"><strong>Pol\u00edtica de Cookies<\/strong><\/h1>\n\n\n\n<p><strong>\u00daltima actualitzaci\u00f3:<\/strong> <em>15\/01\/2026<\/em><\/p>\n\n\n\n<h2 class=\"wp-block-heading\"><strong>\u00bfQu\u00e8 son las Cookies?<\/strong><\/h2>\n\n\n\n<p>Una <em>galeta <\/em>\u00e9s un petit arxiu de text que s&#8217;emmagatzema al navegador quan visites un lloc web. Aquestes cookies ajuden a fer que el web funcioni correctament, millorin l&#8217;experi\u00e8ncia d&#8217;usuari, augmentin la seguretat i ens permeten comprendre com interactuen els visitants amb el web.<\/p>\n\n\n\n<h2 class=\"wp-block-heading\"><strong>Com fem servir les cookies?<\/strong><\/h2>\n\n\n\n<p>Com la majoria de llocs web, <strong><a href=\"http:\/\/www.vanessadelperal.com\">www.vanessadelperal.com<\/a><\/strong> utilitza <em>cookies pr\u00f2pies<\/em> i <em>cookies<\/em> de tercers amb diferents prop\u00f2sits:<\/p>\n\n\n\n<h3 class=\"wp-block-heading\"><strong>Cookies Propies<\/strong><\/h3>\n\n\n\n<p>Aquestes s\u00f3n generades pel propi lloc web per al funcionament correcte del lloc (per exemple, recordar si has acceptat o rebutjat les cookies per no tornar a preguntar-te). Aquestes dades <em>no <\/em>recopilen dades d&#8217;identificaci\u00f3 personal.<\/p>\n\n\n\n<h3 class=\"wp-block-heading\"><strong>Cookies de Tercers<\/strong><\/h3>\n\n\n\n<p>S\u00f3n galetes generades per serveis externs que permeten, per exemple:<\/p>\n\n\n\n<ul class=\"wp-block-list\">\n<li>Analitzar com es navega pel lloc per poder millorar-ne el funcionament.<\/li>\n\n\n\n<li>Proporcionar m\u00e9s seguretat i estabilitat.<\/li>\n\n\n\n<li>(Opcional) Serveis d&#8217;an\u00e0lisi com ara Google Analytics o integraci\u00f3 amb xarxes socials o contingut extern.<\/li>\n<\/ul>\n\n\n\n<h2 class=\"wp-block-heading\"><strong>Tipus de cookies que utilitzem<\/strong><\/h2>\n\n\n\n<p>Depenent de la seva finalitat, aquestes galetes es classifiquen en:<\/p>\n\n\n\n<h3 class=\"wp-block-heading\"><strong>Galetes estrictament necess\u00e0ries<\/strong><\/h3>\n\n\n\n<p>S\u00f3n essencials perqu\u00e8 el lloc funcioni correctament, per exemple, per recordar les vostres prefer\u00e8ncies de consentiment.<\/p>\n\n\n\n<h3 class=\"wp-block-heading\"><strong>Galetes d&#8217;an\u00e0lisi<\/strong><\/h3>\n\n\n\n<p>Aquestes cookies ens ajuden a entendre com els usuaris interactuen amb el lloc web, recol\u00b7lectant dades de forma agregada i an\u00f2nima per millorar. (Per exemple, Google Analytics o una altra eina de mesura).<\/p>\n\n\n\n<h2 class=\"wp-block-heading\"><strong>Consentiment i configuraci\u00f3 de cookies<\/strong><\/h2>\n\n\n\n<p>En navegar per aquest lloc, es mostrar\u00e0 un av\u00eds de galetes perqu\u00e8 acceptis o rebutgis el seu \u00fas. Podr\u00e0s canviar les teves prefer\u00e8ncies de galetes en qualsevol moment des d&#8217;aquest av\u00eds o des del teu navegador.<\/p>\n\n\n\n<h2 class=\"wp-block-heading\"><strong>Com puc desactivar o eliminar les galetes?<\/strong><\/h2>\n\n\n\n<p>Pots configurar el teu navegador per bloquejar o eliminar galetes en qualsevol moment. Els passos varien segons el navegador que utilitzeu. A continuaci\u00f3 teniu enlla\u00e7os d&#8217;ajuda per als navegadors m\u00e9s comuns:<\/p>\n\n\n\n<ul class=\"wp-block-list\">\n<li><strong>Chrome<\/strong>: <a>https:\/\/support.google.com\/accounts\/answer\/32050<\/a><\/li>\n\n\n\n<li><strong>Safari:<\/strong> <a href=\"https:\/\/support.apple.com\/safari\" target=\"_blank\" rel=\"noopener\">https:\/\/support.apple.com\/safari<\/a><\/li>\n\n\n\n<li><strong>Firefox:<\/strong> <a>https:\/\/support.mozilla.org\/kb\/clear-cookies-and-site-data<\/a><\/li>\n\n\n\n<li><strong>Internet Explorer\/Edge:<\/strong> <a>https:\/\/support.microsoft.com\/help\/4027947\/windows-delete-cookies<\/a><\/li>\n<\/ul>\n\n\n\n<p>Fins i tot si configureu el vostre navegador per rebutjar totes les galetes o per bloquejar les d&#8217;aquest lloc, podreu navegar pel portal, encara que determinades funcions que depenguin de galetes podrien no estar disponibles.<\/p>\n\n\n\n<h2 class=\"wp-block-heading\"><strong>M\u00e9s informaci\u00f3<\/strong><\/h2>\n\n\n\n<p>Si tens algun dubte sobre com es fan servir les cookies en aquesta web o vols m\u00e9s detalls sobre com gestionar les teves prefer\u00e8ncies, pots contactar amb nosaltres a trav\u00e9s del correu electr\u00f2nic que apareix a l&#8217;Av\u00eds Legal.<\/p>\n\n\n\n<h3 class=\"wp-block-heading\">Nota legal<\/h3>\n\n\n\n<p>Aquesta pol\u00edtica es redacta en compliment de la <strong>Llei 34\/2002, de 11 de juliol, de Serveis de la Societat de la Informaci\u00f3 i de Comer\u00e7 Electr\u00f2nic (LSSI-CE)<\/strong> i conforme a les directrius de l&#8217;Ag\u00e8ncia Espanyola de Protecci\u00f3 de Dades i del Reglament General de Protecci\u00f3 de Dades (RGPD).<\/p>\n<\/div><\/div>\n\n<\/div><\/div>","protected":false},"excerpt":{"rendered":"<p>Pol\u00edtica de Cookies \u00daltima actualitzaci\u00f3: 15\/01\/2026 \u00bfQu\u00e8 son las Cookies? Una galeta \u00e9s un petit arxiu de text que s&#8217;emmagatzema al navegador quan visites un lloc web. Aquestes cookies ajuden a fer que el web funcioni correctament, millorin l&#8217;experi\u00e8ncia d&#8217;usuari, augmentin la seguretat i ens permeten comprendre com interactuen els visitants amb el web. Com&#8230;<\/p>\n","protected":false},"author":1,"featured_media":0,"parent":0,"menu_order":0,"comment_status":"closed","ping_status":"closed","template":"","meta":{"_kad_blocks_custom_css":"","_kad_blocks_head_custom_js":"","_kad_blocks_body_custom_js":"","_kad_blocks_footer_custom_js":"","_kad_post_transparent":"","_kad_post_title":"","_kad_post_layout":"","_kad_post_sidebar_id":"","_kad_post_content_style":"","_kad_post_vertical_padding":"","_kad_post_feature":"","_kad_post_feature_position":"","_kad_post_header":false,"_kad_post_footer":false,"_kad_post_classname":"","footnotes":""},"class_list":["post-2486","page","type-page","status-publish","hentry"],"taxonomy_info":[],"featured_image_src_large":false,"author_info":{"display_name":"admin","author_link":"https:\/\/vanessadelperal.com\/ca\/author\/jordi_vwjnsld2\/"},"comment_info":0,"_links":{"self":[{"href":"https:\/\/vanessadelperal.com\/ca\/wp-json\/wp\/v2\/pages\/2486","targetHints":{"allow":["GET"]}}],"collection":[{"href":"https:\/\/vanessadelperal.com\/ca\/wp-json\/wp\/v2\/pages"}],"about":[{"href":"https:\/\/vanessadelperal.com\/ca\/wp-json\/wp\/v2\/types\/page"}],"author":[{"embeddable":true,"href":"https:\/\/vanessadelperal.com\/ca\/wp-json\/wp\/v2\/users\/1"}],"replies":[{"embeddable":true,"href":"https:\/\/vanessadelperal.com\/ca\/wp-json\/wp\/v2\/comments?post=2486"}],"version-history":[{"count":2,"href":"https:\/\/vanessadelperal.com\/ca\/wp-json\/wp\/v2\/pages\/2486\/revisions"}],"predecessor-version":[{"id":2985,"href":"https:\/\/vanessadelperal.com\/ca\/wp-json\/wp\/v2\/pages\/2486\/revisions\/2985"}],"wp:attachment":[{"href":"https:\/\/vanessadelperal.com\/ca\/wp-json\/wp\/v2\/media?parent=2486"}],"curies":[{"name":"wp","href":"https:\/\/api.w.org\/{rel}","templated":true}]}}