{"id":2433,"date":"2026-01-07T14:12:43","date_gmt":"2026-01-07T14:12:43","guid":{"rendered":"https:\/\/vanessadelperal.com\/canvi-de-cultura-organitzacional\/"},"modified":"2026-03-24T12:01:45","modified_gmt":"2026-03-24T12:01:45","slug":"canvi-de-cultura-organitzacional","status":"publish","type":"page","link":"https:\/\/vanessadelperal.com\/ca\/canvi-de-cultura-organitzacional\/","title":{"rendered":"Canvi de cultura organitzacional"},"content":{"rendered":"<style>.kb-row-layout-id1210_0b14ca-24 > .kt-row-column-wrap{align-content:center;}:where(.kb-row-layout-id1210_0b14ca-24 > .kt-row-column-wrap) > .wp-block-kadence-column{justify-content:center;}.kb-row-layout-id1210_0b14ca-24 > .kt-row-column-wrap{column-gap:80px;row-gap:var(--global-kb-gap-md, 2rem);max-width:var( --global-content-width, 1290px );padding-left:var(--global-content-edge-padding);padding-right:var(--global-content-edge-padding);padding-top:80px;padding-bottom:162px;grid-template-columns:minmax(0, calc(50% - ((80px * 1 )\/2)))minmax(0, calc(50% - ((80px * 1 )\/2)));}.kb-row-layout-id1210_0b14ca-24 > .kt-row-layout-overlay{opacity:0.06;}.kb-row-layout-id1210_0b14ca-24 .kt-row-layout-bottom-sep{height:100px;}.kb-row-layout-id1210_0b14ca-24 .kt-row-layout-bottom-sep svg{width:100%;}.kb-row-layout-id1210_0b14ca-24 .kt-row-layout-bottom-sep svg{fill:#ffffff!important;}@media all and (max-width: 1024px){.kb-row-layout-id1210_0b14ca-24 > .kt-row-column-wrap{grid-template-columns:minmax(0, 1fr);}}@media all and (max-width: 1024px){.kb-row-layout-id1210_0b14ca-24 .kt-row-layout-bottom-sep{height:px;}}@media all and (max-width: 1024px){.kb-row-layout-id1210_0b14ca-24 .kt-row-layout-bottom-sep svg{width:%;}}@media all and (max-width: 767px){.kb-row-layout-id1210_0b14ca-24 > .kt-row-column-wrap{grid-template-columns:minmax(0, 1fr);}.kb-row-layout-id1210_0b14ca-24 .kt-row-layout-bottom-sep{height:px;}.kb-row-layout-id1210_0b14ca-24 .kt-row-layout-bottom-sep svg{width:%;}}<\/style><div class=\"kb-row-layout-wrap kb-row-layout-id1210_0b14ca-24 alignnone has-theme-palette7-background-color kt-row-has-bg wp-block-kadence-rowlayout\"><div class=\"kt-row-layout-bottom-sep kt-row-sep-type-mtns\"><svg viewBox=\"0 0 1000 100\" preserveAspectRatio=\"none\"><path d=\"M1000,50l-182.69,-45.286l-292.031,61.197l-190.875,-41.075l-143.748,28.794l-190.656,-23.63l0,70l1000,0l0,-50Z\" style=\"opacity: 0.4\" \/><path d=\"M1000,57l-152.781,-22.589l-214.383,19.81l-159.318,-21.471l-177.44,25.875l-192.722,5.627l-103.356,-27.275l0,63.023l1000,0l0,-43Z\" \/><\/svg><\/div><div class=\"kt-row-column-wrap kt-has-2-columns kt-row-layout-equal kt-tab-layout-row kt-mobile-layout-row kt-row-valign-middle kb-theme-content-width\">\n<style>.kadence-column1210_d6511b-8f > .kt-inside-inner-col,.kadence-column1210_d6511b-8f > .kt-inside-inner-col:before{border-top-left-radius:0px;border-top-right-radius:0px;border-bottom-right-radius:0px;border-bottom-left-radius:0px;}.kadence-column1210_d6511b-8f > .kt-inside-inner-col{column-gap:var(--global-kb-gap-sm, 1rem);}.kadence-column1210_d6511b-8f > .kt-inside-inner-col{flex-direction:column;}.kadence-column1210_d6511b-8f > .kt-inside-inner-col > .aligncenter{width:100%;}.kadence-column1210_d6511b-8f > .kt-inside-inner-col:before{opacity:0.3;}.kadence-column1210_d6511b-8f{position:relative;}@media all and (max-width: 1024px){.kadence-column1210_d6511b-8f > .kt-inside-inner-col{flex-direction:column;justify-content:center;}}@media all and (max-width: 767px){.kadence-column1210_d6511b-8f > .kt-inside-inner-col{flex-direction:column;justify-content:center;}}<\/style>\n<div class=\"wp-block-kadence-column kadence-column1210_d6511b-8f inner-column-1\"><div class=\"kt-inside-inner-col\"><style>.wp-block-kadence-advancedheading.kt-adv-heading1210_1cd3d1-7c, .wp-block-kadence-advancedheading.kt-adv-heading1210_1cd3d1-7c[data-kb-block=\"kb-adv-heading1210_1cd3d1-7c\"]{margin-top:var(--global-kb-spacing-xs, 1rem);font-size:50px;line-height:1;font-style:normal;}.wp-block-kadence-advancedheading.kt-adv-heading1210_1cd3d1-7c mark.kt-highlight, .wp-block-kadence-advancedheading.kt-adv-heading1210_1cd3d1-7c[data-kb-block=\"kb-adv-heading1210_1cd3d1-7c\"] mark.kt-highlight{font-style:normal;color:#f76a0c;-webkit-box-decoration-break:clone;box-decoration-break:clone;padding-top:0px;padding-right:0px;padding-bottom:0px;padding-left:0px;}.wp-block-kadence-advancedheading.kt-adv-heading1210_1cd3d1-7c img.kb-inline-image, .wp-block-kadence-advancedheading.kt-adv-heading1210_1cd3d1-7c[data-kb-block=\"kb-adv-heading1210_1cd3d1-7c\"] img.kb-inline-image{width:150px;vertical-align:baseline;}@media all and (max-width: 767px){.wp-block-kadence-advancedheading.kt-adv-heading1210_1cd3d1-7c, .wp-block-kadence-advancedheading.kt-adv-heading1210_1cd3d1-7c[data-kb-block=\"kb-adv-heading1210_1cd3d1-7c\"]{font-size:var(--global-kb-font-size-xxl, 4rem);}}<\/style>\n<h1 class=\"kt-adv-heading1210_1cd3d1-7c wp-block-kadence-advancedheading has-theme-palette-2-color has-text-color\" data-kb-block=\"kb-adv-heading1210_1cd3d1-7c\">Canvi de cultura organitzacional<\/h1>\n\n\n<style>.wp-block-kadence-advancedheading.kt-adv-heading1210_223aaf-18, .wp-block-kadence-advancedheading.kt-adv-heading1210_223aaf-18[data-kb-block=\"kb-adv-heading1210_223aaf-18\"]{font-style:normal;}.wp-block-kadence-advancedheading.kt-adv-heading1210_223aaf-18 mark.kt-highlight, .wp-block-kadence-advancedheading.kt-adv-heading1210_223aaf-18[data-kb-block=\"kb-adv-heading1210_223aaf-18\"] mark.kt-highlight{font-style:normal;color:#f76a0c;-webkit-box-decoration-break:clone;box-decoration-break:clone;padding-top:0px;padding-right:0px;padding-bottom:0px;padding-left:0px;}.wp-block-kadence-advancedheading.kt-adv-heading1210_223aaf-18 img.kb-inline-image, .wp-block-kadence-advancedheading.kt-adv-heading1210_223aaf-18[data-kb-block=\"kb-adv-heading1210_223aaf-18\"] img.kb-inline-image{width:150px;vertical-align:baseline;}<\/style>\n<p class=\"kt-adv-heading1210_223aaf-18 wp-block-kadence-advancedheading\" data-kb-block=\"kb-adv-heading1210_223aaf-18\">La cultura duna empresa \u00e9s el motor invisible que impulsa cada decisi\u00f3, cada interacci\u00f3 i cada resultat. Quan aquesta cultura s&#8217;alinea amb els valors i els objectius estrat\u00e8gics, els equips floreixen i l&#8217;organitzaci\u00f3 <strong>assoleix el seu m\u00e0xim potencial.<\/strong><\/p>\n<\/div><\/div>\n\n\n<style>.kadence-column1210_d0a06f-8b > .kt-inside-inner-col,.kadence-column1210_d0a06f-8b > .kt-inside-inner-col:before{border-top-left-radius:0px;border-top-right-radius:0px;border-bottom-right-radius:0px;border-bottom-left-radius:0px;}.kadence-column1210_d0a06f-8b > .kt-inside-inner-col{column-gap:var(--global-kb-gap-sm, 1rem);}.kadence-column1210_d0a06f-8b > .kt-inside-inner-col{flex-direction:column;}.kadence-column1210_d0a06f-8b > .kt-inside-inner-col > .aligncenter{width:100%;}.kadence-column1210_d0a06f-8b{position:relative;}.kadence-column1210_d0a06f-8b, .kt-inside-inner-col > .kadence-column1210_d0a06f-8b:not(.specificity){margin-bottom:-50px;}@media all and (max-width: 1024px){.kadence-column1210_d0a06f-8b > .kt-inside-inner-col{flex-direction:column;justify-content:center;}}@media all and (max-width: 767px){.kadence-column1210_d0a06f-8b > .kt-inside-inner-col{flex-direction:column;justify-content:center;}}<\/style>\n<div class=\"wp-block-kadence-column kadence-column1210_d0a06f-8b kvs-sm-false inner-column-2\"><div class=\"kt-inside-inner-col\"><style>.kb-image1210_1df507-29.kb-image-is-ratio-size, .kb-image1210_1df507-29 .kb-image-is-ratio-size{max-width:554px;width:100%;}.wp-block-kadence-column > .kt-inside-inner-col > .kb-image1210_1df507-29.kb-image-is-ratio-size, .wp-block-kadence-column > .kt-inside-inner-col > .kb-image1210_1df507-29 .kb-image-is-ratio-size{align-self:unset;}.kb-image1210_1df507-29{max-width:554px;}.image-is-svg.kb-image1210_1df507-29{-webkit-flex:0 1 100%;flex:0 1 100%;}.image-is-svg.kb-image1210_1df507-29 img{width:100%;}.kb-image1210_1df507-29 .kb-image-has-overlay:after{opacity:0.3;border-top-left-radius:24px;border-top-right-radius:24px;border-bottom-right-radius:24px;border-bottom-left-radius:24px;}.kb-image1210_1df507-29 img.kb-img, .kb-image1210_1df507-29 .kb-img img{border-top-left-radius:24px;border-top-right-radius:24px;border-bottom-right-radius:24px;border-bottom-left-radius:24px;box-shadow:inset 0px 0px 0px 0px rgba(0, 0, 0, 0);}<\/style>\n<figure class=\"wp-block-kadence-image kb-image1210_1df507-29 size-large\"><img loading=\"lazy\" decoding=\"async\" width=\"1024\" height=\"653\" src=\"https:\/\/vanessadelperal.com\/wp-content\/uploads\/2022\/04\/christina-wocintechchat-com-HG9M8M29Ig4-unsplash-1024x653.jpg\" alt=\"\" class=\"kb-img wp-image-605\" srcset=\"https:\/\/vanessadelperal.com\/wp-content\/uploads\/2022\/04\/christina-wocintechchat-com-HG9M8M29Ig4-unsplash-1024x653.jpg 1024w, https:\/\/vanessadelperal.com\/wp-content\/uploads\/2022\/04\/christina-wocintechchat-com-HG9M8M29Ig4-unsplash-300x191.jpg 300w, https:\/\/vanessadelperal.com\/wp-content\/uploads\/2022\/04\/christina-wocintechchat-com-HG9M8M29Ig4-unsplash-768x490.jpg 768w, https:\/\/vanessadelperal.com\/wp-content\/uploads\/2022\/04\/christina-wocintechchat-com-HG9M8M29Ig4-unsplash-1536x980.jpg 1536w, https:\/\/vanessadelperal.com\/wp-content\/uploads\/2022\/04\/christina-wocintechchat-com-HG9M8M29Ig4-unsplash.jpg 1600w\" sizes=\"auto, (max-width: 1024px) 100vw, 1024px\" \/><\/figure>\n<\/div><\/div>\n\n<\/div><\/div><style>.kb-row-layout-id1210_24836e-6e > .kt-row-column-wrap{align-content:start;}:where(.kb-row-layout-id1210_24836e-6e > .kt-row-column-wrap) > .wp-block-kadence-column{justify-content:start;}.kb-row-layout-id1210_24836e-6e > .kt-row-column-wrap{column-gap:80px;row-gap:var(--global-kb-gap-md, 2rem);max-width:1411px;margin-left:auto;margin-right:auto;padding-top:0px;padding-right:20px;padding-bottom:70px;padding-left:20px;grid-template-columns:minmax(0, calc(55% - ((80px * 1 )\/2)))minmax(0, calc(45% - ((80px * 1 )\/2)));}.kb-row-layout-id1210_24836e-6e > .kt-row-layout-overlay{opacity:0.30;}@media all and (max-width: 1024px){.kb-row-layout-id1210_24836e-6e > .kt-row-column-wrap{padding-top:0px;grid-template-columns:minmax(0, 1fr);}}@media all and (max-width: 767px){.kb-row-layout-id1210_24836e-6e > .kt-row-column-wrap{grid-template-columns:minmax(0, 1fr);}}<\/style><div class=\"kb-row-layout-wrap kb-row-layout-id1210_24836e-6e aligncenter wp-block-kadence-rowlayout\"><div class=\"kt-row-column-wrap kt-has-2-columns kt-row-layout-equal kt-tab-layout-row kt-mobile-layout-row kt-row-valign-top\">\n<style>.kadence-column1210_989a97-17 > .kt-inside-inner-col,.kadence-column1210_989a97-17 > .kt-inside-inner-col:before{border-top-left-radius:0px;border-top-right-radius:0px;border-bottom-right-radius:0px;border-bottom-left-radius:0px;}.kadence-column1210_989a97-17 > .kt-inside-inner-col{column-gap:var(--global-kb-gap-sm, 1rem);}.kadence-column1210_989a97-17 > .kt-inside-inner-col{flex-direction:column;}.kadence-column1210_989a97-17 > .kt-inside-inner-col > .aligncenter{width:100%;}.kadence-column1210_989a97-17 > .kt-inside-inner-col:before{opacity:0.3;}.kadence-column1210_989a97-17{text-align:left;}.kadence-column1210_989a97-17{position:relative;}.kadence-column1210_989a97-17, .kt-inside-inner-col > .kadence-column1210_989a97-17:not(.specificity){margin-top:40px;}@media all and (max-width: 1024px){.kadence-column1210_989a97-17 > .kt-inside-inner-col{padding-top:0px;padding-left:0px;flex-direction:column;justify-content:center;}}@media all and (max-width: 1024px){.kadence-column1210_989a97-17{text-align:left;}}@media all and (max-width: 767px){.kadence-column1210_989a97-17 > .kt-inside-inner-col{display:flex;padding-top:0px;padding-right:0px;padding-bottom:0px;padding-left:0px;flex-direction:column;justify-content:center;align-items:flex-start;}.kadence-column1210_989a97-17{text-align:left;}}<\/style>\n<div class=\"wp-block-kadence-column kadence-column1210_989a97-17 inner-column-1\"><div class=\"kt-inside-inner-col\"><style>.wp-block-kadence-advancedheading.kt-adv-heading1210_2f3256-da, .wp-block-kadence-advancedheading.kt-adv-heading1210_2f3256-da[data-kb-block=\"kb-adv-heading1210_2f3256-da\"]{max-width:694px;line-height:1.2;font-style:normal;}.wp-block-kadence-advancedheading.kt-adv-heading1210_2f3256-da mark.kt-highlight, .wp-block-kadence-advancedheading.kt-adv-heading1210_2f3256-da[data-kb-block=\"kb-adv-heading1210_2f3256-da\"] mark.kt-highlight{font-style:normal;color:#f76a0c;-webkit-box-decoration-break:clone;box-decoration-break:clone;padding-top:0px;padding-right:0px;padding-bottom:0px;padding-left:0px;}.wp-block-kadence-advancedheading.kt-adv-heading1210_2f3256-da img.kb-inline-image, .wp-block-kadence-advancedheading.kt-adv-heading1210_2f3256-da[data-kb-block=\"kb-adv-heading1210_2f3256-da\"] img.kb-inline-image{width:150px;vertical-align:baseline;}@media all and (max-width: 1024px){.wp-block-kadence-advancedheading.kt-adv-heading1210_2f3256-da, .wp-block-kadence-advancedheading.kt-adv-heading1210_2f3256-da[data-kb-block=\"kb-adv-heading1210_2f3256-da\"]{padding-right:0px;padding-left:0px;margin-right:0px;margin-left:0px;text-align:center!important;}}@media all and (max-width: 767px){.wp-block-kadence-advancedheading.kt-adv-heading1210_2f3256-da, .wp-block-kadence-advancedheading.kt-adv-heading1210_2f3256-da[data-kb-block=\"kb-adv-heading1210_2f3256-da\"]{font-size:28px;text-align:left!important;}}<\/style>\n<h2 class=\"kt-adv-heading1210_2f3256-da wp-block-kadence-advancedheading has-theme-palette-2-color has-text-color\" data-kb-block=\"kb-adv-heading1210_2f3256-da\">Transformar des de les fortaleses, superar les debilitats<\/h2>\n\n\n<style>.wp-block-kadence-advancedheading.kt-adv-heading1210_32d72c-51, .wp-block-kadence-advancedheading.kt-adv-heading1210_32d72c-51[data-kb-block=\"kb-adv-heading1210_32d72c-51\"]{font-style:normal;}.wp-block-kadence-advancedheading.kt-adv-heading1210_32d72c-51 mark.kt-highlight, .wp-block-kadence-advancedheading.kt-adv-heading1210_32d72c-51[data-kb-block=\"kb-adv-heading1210_32d72c-51\"] mark.kt-highlight{font-style:normal;color:#f76a0c;-webkit-box-decoration-break:clone;box-decoration-break:clone;padding-top:0px;padding-right:0px;padding-bottom:0px;padding-left:0px;}.wp-block-kadence-advancedheading.kt-adv-heading1210_32d72c-51 img.kb-inline-image, .wp-block-kadence-advancedheading.kt-adv-heading1210_32d72c-51[data-kb-block=\"kb-adv-heading1210_32d72c-51\"] img.kb-inline-image{width:150px;vertical-align:baseline;}@media all and (max-width: 1024px){.wp-block-kadence-advancedheading.kt-adv-heading1210_32d72c-51, .wp-block-kadence-advancedheading.kt-adv-heading1210_32d72c-51[data-kb-block=\"kb-adv-heading1210_32d72c-51\"]{text-align:center!important;}}@media all and (max-width: 767px){.wp-block-kadence-advancedheading.kt-adv-heading1210_32d72c-51, .wp-block-kadence-advancedheading.kt-adv-heading1210_32d72c-51[data-kb-block=\"kb-adv-heading1210_32d72c-51\"]{text-align:left!important;}}<\/style>\n<p class=\"kt-adv-heading1210_32d72c-51 wp-block-kadence-advancedheading\" data-kb-block=\"kb-adv-heading1210_32d72c-51\">El meu servei de <strong>Canvi de Cultura Organitzacional<\/strong> est\u00e0 dissenyat per acompanyar empreses que volen evolucionar, adaptar-se i cr\u00e9ixer. El proc\u00e9s se centra en:<\/p>\n\n\n\n<ul class=\"wp-block-list\">\n<li><strong><mark style=\"background-color:rgba(0, 0, 0, 0)\" class=\"has-inline-color has-theme-palette-1-color\">Diagn\u00f2stic profund<\/mark><\/strong>: Identifiquem les fortaleses que ja sostenen l&#8217;\u00e8xit i les debilitats que en limiten el rendiment.<\/li>\n\n\n\n<li><strong><mark style=\"background-color:rgba(0, 0, 0, 0)\" class=\"has-inline-color has-theme-palette-1-color\">Disseny participatiu<\/mark><\/strong>: Creem un pla de transformaci\u00f3 cultural adaptat a la realitat de l&#8217;organitzaci\u00f3, involucrant l\u00edders i equips.<\/li>\n\n\n\n<li><mark style=\"background-color:rgba(0, 0, 0, 0)\" class=\"has-inline-color has-theme-palette-1-color\"><strong>Implementaci\u00f3 guiada<\/strong><\/mark>: Facilitem tallers, din\u00e0miques i processos que converteixen els valors en pr\u00e0ctiques tangibles del dia a dia.<\/li>\n\n\n\n<li><strong><mark style=\"background-color:rgba(0, 0, 0, 0)\" class=\"has-inline-color has-theme-palette-1-color\">Seguiment i consolidaci\u00f3<\/mark><\/strong>: Assegurem que els canvis s&#8217;integrin de manera sostenible, generant confian\u00e7a i comprom\u00eds.<\/li>\n<\/ul>\n\n\n<style>.wp-block-kadence-advancedheading.kt-adv-heading1210_d21641-60, .wp-block-kadence-advancedheading.kt-adv-heading1210_d21641-60[data-kb-block=\"kb-adv-heading1210_d21641-60\"]{font-style:normal;}.wp-block-kadence-advancedheading.kt-adv-heading1210_d21641-60 mark.kt-highlight, .wp-block-kadence-advancedheading.kt-adv-heading1210_d21641-60[data-kb-block=\"kb-adv-heading1210_d21641-60\"] mark.kt-highlight{font-style:normal;color:#f76a0c;-webkit-box-decoration-break:clone;box-decoration-break:clone;padding-top:0px;padding-right:0px;padding-bottom:0px;padding-left:0px;}.wp-block-kadence-advancedheading.kt-adv-heading1210_d21641-60 img.kb-inline-image, .wp-block-kadence-advancedheading.kt-adv-heading1210_d21641-60[data-kb-block=\"kb-adv-heading1210_d21641-60\"] img.kb-inline-image{width:150px;vertical-align:baseline;}@media all and (max-width: 1024px){.wp-block-kadence-advancedheading.kt-adv-heading1210_d21641-60, .wp-block-kadence-advancedheading.kt-adv-heading1210_d21641-60[data-kb-block=\"kb-adv-heading1210_d21641-60\"]{text-align:center!important;}}@media all and (max-width: 767px){.wp-block-kadence-advancedheading.kt-adv-heading1210_d21641-60, .wp-block-kadence-advancedheading.kt-adv-heading1210_d21641-60[data-kb-block=\"kb-adv-heading1210_d21641-60\"]{text-align:left!important;}}<\/style>\n<p class=\"kt-adv-heading1210_d21641-60 wp-block-kadence-advancedheading\" data-kb-block=\"kb-adv-heading1210_d21641-60\">L&#8217;objectiu no \u00e9s imposar una identitat nova, sin\u00f3 <strong>potenciar el millor de l&#8217;empresa i obrir espai a noves formes de col\u00b7laboraci\u00f3, lideratge i exercici.<\/strong><br\/>Amb aquest servei, la teva organitzaci\u00f3 podr\u00e0:<\/p>\n\n\n\n<ul class=\"wp-block-list\">\n<li><strong><mark style=\"background-color:rgba(0, 0, 0, 0)\" class=\"has-inline-color has-theme-palette-1-color\">Refor\u00e7ar <\/mark><\/strong>la cohesi\u00f3 interna i el sentit de pertinen\u00e7a.<\/li>\n\n\n\n<li><strong><mark style=\"background-color:rgba(0, 0, 0, 0)\" class=\"has-inline-color has-theme-palette-1-color\">Desenvolupar <\/mark><\/strong>l\u00edders capa\u00e7os d&#8217;inspirar i mobilitzar equips.<\/li>\n\n\n\n<li><strong><mark style=\"background-color:rgba(0, 0, 0, 0)\" class=\"has-inline-color has-theme-palette-1-color\">Convertir <\/mark><\/strong>les febleses en oportunitats daprenentatge i millora.<\/li>\n\n\n\n<li><strong>Construir <\/strong>una cultura resilient, innovadora i orientada a resultats.<\/li>\n<\/ul>\n<\/div><\/div>\n\n\n<style>.kadence-column1210_667816-fa > .kt-inside-inner-col,.kadence-column1210_667816-fa > .kt-inside-inner-col:before{border-top-left-radius:0px;border-top-right-radius:0px;border-bottom-right-radius:0px;border-bottom-left-radius:0px;}.kadence-column1210_667816-fa > .kt-inside-inner-col{column-gap:var(--global-kb-gap-sm, 1rem);}.kadence-column1210_667816-fa > .kt-inside-inner-col{flex-direction:column;}.kadence-column1210_667816-fa > .kt-inside-inner-col > .aligncenter{width:100%;}.kadence-column1210_667816-fa > .kt-inside-inner-col:before{opacity:0.3;}.kadence-column1210_667816-fa{position:relative;}@media all and (max-width: 1024px){.kadence-column1210_667816-fa > .kt-inside-inner-col{flex-direction:column;justify-content:center;}}@media all and (max-width: 767px){.kadence-column1210_667816-fa > .kt-inside-inner-col{flex-direction:column;justify-content:center;}}<\/style>\n<div class=\"wp-block-kadence-column kadence-column1210_667816-fa inner-column-2\"><div class=\"kt-inside-inner-col\"><style>.kb-row-layout-id1210_8e610d-5c > .kt-row-column-wrap{align-content:start;}:where(.kb-row-layout-id1210_8e610d-5c > .kt-row-column-wrap) > .wp-block-kadence-column{justify-content:start;}.kb-row-layout-id1210_8e610d-5c > .kt-row-column-wrap{column-gap:var(--global-kb-gap-none, 0rem );row-gap:var(--global-kb-gap-none, 0rem );padding-top:var(--global-kb-spacing-sm, 1.5rem);padding-bottom:var(--global-kb-spacing-sm, 1.5rem);grid-template-columns:minmax(0, 1fr);}.kb-row-layout-id1210_8e610d-5c > .kt-row-layout-overlay{opacity:0.30;}@media all and (max-width: 1024px){.kb-row-layout-wrap.wp-block-kadence-rowlayout.kb-row-layout-id1210_8e610d-5c{margin-top:40px;}}@media all and (max-width: 1024px){.kb-row-layout-id1210_8e610d-5c > .kt-row-column-wrap{grid-template-columns:minmax(0, 1fr);}}@media all and (max-width: 767px){.kb-row-layout-id1210_8e610d-5c > .kt-row-column-wrap{grid-template-columns:minmax(0, 1fr);}}<\/style><div class=\"kb-row-layout-wrap kb-row-layout-id1210_8e610d-5c alignnone wp-block-kadence-rowlayout\"><div class=\"kt-row-column-wrap kt-has-2-columns kt-row-layout-row kt-tab-layout-inherit kt-mobile-layout-row kt-row-valign-top\">\n<style>.kadence-column1210_982c1f-f1 > .kt-inside-inner-col,.kadence-column1210_982c1f-f1 > .kt-inside-inner-col:before{border-top-left-radius:0px;border-top-right-radius:0px;border-bottom-right-radius:0px;border-bottom-left-radius:0px;}.kadence-column1210_982c1f-f1 > .kt-inside-inner-col{column-gap:var(--global-kb-gap-sm, 1rem);}.kadence-column1210_982c1f-f1 > .kt-inside-inner-col{flex-direction:column;}.kadence-column1210_982c1f-f1 > .kt-inside-inner-col > .aligncenter{width:100%;}.kadence-column1210_982c1f-f1 > .kt-inside-inner-col:before{opacity:0.3;}.kadence-column1210_982c1f-f1{position:relative;}@media all and (max-width: 1024px){.kadence-column1210_982c1f-f1 > .kt-inside-inner-col{flex-direction:column;justify-content:center;}}@media all and (max-width: 767px){.kadence-column1210_982c1f-f1 > .kt-inside-inner-col{flex-direction:column;justify-content:center;}}<\/style>\n<div class=\"wp-block-kadence-column kadence-column1210_982c1f-f1 inner-column-1\"><div class=\"kt-inside-inner-col\"><style>.kb-image1210_e8cff7-e8.kb-image-is-ratio-size, .kb-image1210_e8cff7-e8 .kb-image-is-ratio-size{max-width:572px;width:100%;}.wp-block-kadence-column > .kt-inside-inner-col > .kb-image1210_e8cff7-e8.kb-image-is-ratio-size, .wp-block-kadence-column > .kt-inside-inner-col > .kb-image1210_e8cff7-e8 .kb-image-is-ratio-size{align-self:unset;}.kb-image1210_e8cff7-e8{max-width:572px;}.image-is-svg.kb-image1210_e8cff7-e8{-webkit-flex:0 1 100%;flex:0 1 100%;}.image-is-svg.kb-image1210_e8cff7-e8 img{width:100%;}.kb-image1210_e8cff7-e8 .kb-image-has-overlay:after{opacity:0.3;}.kb-image1210_e8cff7-e8 img.kb-img, .kb-image1210_e8cff7-e8 .kb-img img{box-shadow:25px -25px 0px 0px var(--global-palette9, #ffffff);}<\/style>\n<figure class=\"wp-block-kadence-image kb-image1210_e8cff7-e8 size-large\"><img loading=\"lazy\" decoding=\"async\" width=\"800\" height=\"1024\" src=\"https:\/\/vanessadelperal.com\/wp-content\/uploads\/2026\/01\/manos-recortadas-de-un-grupo-de-personas-que-aplauden-para-motivar-al-orador-800x1024.jpg\" alt=\"\" class=\"kb-img wp-image-1365\" srcset=\"https:\/\/vanessadelperal.com\/wp-content\/uploads\/2026\/01\/manos-recortadas-de-un-grupo-de-personas-que-aplauden-para-motivar-al-orador-800x1024.jpg 800w, https:\/\/vanessadelperal.com\/wp-content\/uploads\/2026\/01\/manos-recortadas-de-un-grupo-de-personas-que-aplauden-para-motivar-al-orador-234x300.jpg 234w, https:\/\/vanessadelperal.com\/wp-content\/uploads\/2026\/01\/manos-recortadas-de-un-grupo-de-personas-que-aplauden-para-motivar-al-orador-768x984.jpg 768w, https:\/\/vanessadelperal.com\/wp-content\/uploads\/2026\/01\/manos-recortadas-de-un-grupo-de-personas-que-aplauden-para-motivar-al-orador.jpg 937w\" sizes=\"auto, (max-width: 800px) 100vw, 800px\" \/><\/figure>\n<\/div><\/div>\n\n\n<style>.kadence-column1210_9c8685-95 > .kt-inside-inner-col{padding-top:20px;padding-right:50px;padding-bottom:20px;}.kadence-column1210_9c8685-95 > .kt-inside-inner-col,.kadence-column1210_9c8685-95 > .kt-inside-inner-col:before{border-top-left-radius:0px;border-top-right-radius:0px;border-bottom-right-radius:0px;border-bottom-left-radius:0px;}.kadence-column1210_9c8685-95 > .kt-inside-inner-col{column-gap:var(--global-kb-gap-sm, 1rem);}.kadence-column1210_9c8685-95 > .kt-inside-inner-col{flex-direction:column;}.kadence-column1210_9c8685-95 > .kt-inside-inner-col > .aligncenter{width:100%;}.kadence-column1210_9c8685-95 > .kt-inside-inner-col:before{opacity:0.3;}.kadence-column1210_9c8685-95{position:relative;}.kadence-column1210_9c8685-95, .kt-inside-inner-col > .kadence-column1210_9c8685-95:not(.specificity){margin-top:-150px;margin-left:40px;}@media all and (max-width: 1024px){.kadence-column1210_9c8685-95 > .kt-inside-inner-col{flex-direction:column;justify-content:center;}}@media all and (max-width: 767px){.kadence-column1210_9c8685-95 > .kt-inside-inner-col{padding-top:0px;padding-right:0px;padding-bottom:0px;padding-left:0px;flex-direction:column;justify-content:center;}.kadence-column1210_9c8685-95, .kt-inside-inner-col > .kadence-column1210_9c8685-95:not(.specificity){margin-top:0px;margin-right:0px;margin-bottom:0px;margin-left:0px;}}<\/style>\n<div class=\"wp-block-kadence-column kadence-column1210_9c8685-95 inner-column-2\"><div class=\"kt-inside-inner-col\"><\/div><\/div>\n\n<\/div><\/div><\/div><\/div>\n\n<\/div><\/div>","protected":false},"excerpt":{"rendered":"<p>Canvi de cultura organitzacional La cultura duna empresa \u00e9s el motor invisible que impulsa cada decisi\u00f3, cada interacci\u00f3 i cada resultat. Quan aquesta cultura s&#8217;alinea amb els valors i els objectius estrat\u00e8gics, els equips floreixen i l&#8217;organitzaci\u00f3 assoleix el seu m\u00e0xim potencial. Transformar des de les fortaleses, superar les debilitats El meu servei de Canvi&#8230;<\/p>\n","protected":false},"author":1,"featured_media":0,"parent":0,"menu_order":0,"comment_status":"closed","ping_status":"closed","template":"","meta":{"_kad_blocks_custom_css":"","_kad_blocks_head_custom_js":"","_kad_blocks_body_custom_js":"","_kad_blocks_footer_custom_js":"","_kad_post_transparent":"","_kad_post_title":"","_kad_post_layout":"","_kad_post_sidebar_id":"","_kad_post_content_style":"","_kad_post_vertical_padding":"","_kad_post_feature":"","_kad_post_feature_position":"","_kad_post_header":false,"_kad_post_footer":false,"_kad_post_classname":"","footnotes":""},"class_list":["post-2433","page","type-page","status-publish","hentry"],"taxonomy_info":[],"featured_image_src_large":false,"author_info":{"display_name":"admin","author_link":"https:\/\/vanessadelperal.com\/ca\/author\/jordi_vwjnsld2\/"},"comment_info":0,"_links":{"self":[{"href":"https:\/\/vanessadelperal.com\/ca\/wp-json\/wp\/v2\/pages\/2433","targetHints":{"allow":["GET"]}}],"collection":[{"href":"https:\/\/vanessadelperal.com\/ca\/wp-json\/wp\/v2\/pages"}],"about":[{"href":"https:\/\/vanessadelperal.com\/ca\/wp-json\/wp\/v2\/types\/page"}],"author":[{"embeddable":true,"href":"https:\/\/vanessadelperal.com\/ca\/wp-json\/wp\/v2\/users\/1"}],"replies":[{"embeddable":true,"href":"https:\/\/vanessadelperal.com\/ca\/wp-json\/wp\/v2\/comments?post=2433"}],"version-history":[{"count":5,"href":"https:\/\/vanessadelperal.com\/ca\/wp-json\/wp\/v2\/pages\/2433\/revisions"}],"predecessor-version":[{"id":2960,"href":"https:\/\/vanessadelperal.com\/ca\/wp-json\/wp\/v2\/pages\/2433\/revisions\/2960"}],"wp:attachment":[{"href":"https:\/\/vanessadelperal.com\/ca\/wp-json\/wp\/v2\/media?parent=2433"}],"curies":[{"name":"wp","href":"https:\/\/api.w.org\/{rel}","templated":true}]}}